{"id":1350,"date":"2022-01-23T15:16:06","date_gmt":"2022-01-23T14:16:06","guid":{"rendered":"https:\/\/www.solaulaz.com\/?post_type=product&#038;p=1350"},"modified":"2026-01-05T21:14:55","modified_gmt":"2026-01-05T20:14:55","slug":"lemniscate","status":"publish","type":"product","link":"https:\/\/www.solaulaz.com\/index.php\/produit\/lemniscate\/","title":{"rendered":"Lemniscate"},"content":{"rendered":"","protected":false},"excerpt":{"rendered":"<p>Technique : terre cuite patin\u00e9e<br \/>\nDimensions : L 21 x l 18 x H 9<br \/>\nAnn\u00e9e : 2020<br \/>\nSign\u00e9e<br \/>\nNum\u00e9rotation : 1\/1<\/p>\n<p class=\"_ap3a _aaco _aacu _aacx _aad7 _aade\" dir=\"auto\">\u267e Lemniscate<\/p>\n<p>Une spirale qui se replie sur elle-m\u00eame,<br \/>\nun mouvement continu, sans d\u00e9but ni fin.<br \/>\n\u00c0 travers une \u00e9criture cubiste, la forme se tend, se creuse et s\u2019\u00e9quilibre, \u00e9voquant l\u2019infini, le cycle, la respiration du temps.<\/p>\n<p>\ud83d\uddff Lemniscate est une pi\u00e8ce unique, r\u00e9alis\u00e9e en terre cuite, puis patin\u00e9e et sublim\u00e9e par une peinture m\u00e9tallique couleur bronze.<br \/>\nLa mati\u00e8re capte la lumi\u00e8re, souligne les courbes et r\u00e9v\u00e8le la tension entre masse et vide.<\/p>\n<p>Une sculpture \u00e0 contempler comme un symbole :<br \/>\ncelui du mouvement perp\u00e9tuel et de l\u2019\u00e9ternel recommencement.<\/p>\n","protected":false},"featured_media":1356,"comment_status":"open","ping_status":"closed","template":"","meta":{"ocean_post_layout":"","ocean_both_sidebars_style":"","ocean_both_sidebars_content_width":0,"ocean_both_sidebars_sidebars_width":0,"ocean_sidebar":"0","ocean_second_sidebar":"0","ocean_disable_margins":"enable","ocean_add_body_class":"","ocean_shortcode_before_top_bar":"","ocean_shortcode_after_top_bar":"","ocean_shortcode_before_header":"","ocean_shortcode_after_header":"","ocean_has_shortcode":"","ocean_shortcode_after_title":"","ocean_shortcode_before_footer_widgets":"","ocean_shortcode_after_footer_widgets":"","ocean_shortcode_before_footer_bottom":"","ocean_shortcode_after_footer_bottom":"","ocean_display_top_bar":"default","ocean_display_header":"default","ocean_header_style":"","ocean_center_header_left_menu":"0","ocean_custom_header_template":"0","ocean_custom_logo":0,"ocean_custom_retina_logo":0,"ocean_custom_logo_max_width":0,"ocean_custom_logo_tablet_max_width":0,"ocean_custom_logo_mobile_max_width":0,"ocean_custom_logo_max_height":0,"ocean_custom_logo_tablet_max_height":0,"ocean_custom_logo_mobile_max_height":0,"ocean_header_custom_menu":"0","ocean_menu_typo_font_family":"0","ocean_menu_typo_font_subset":"","ocean_menu_typo_font_size":0,"ocean_menu_typo_font_size_tablet":0,"ocean_menu_typo_font_size_mobile":0,"ocean_menu_typo_font_size_unit":"px","ocean_menu_typo_font_weight":"","ocean_menu_typo_font_weight_tablet":"","ocean_menu_typo_font_weight_mobile":"","ocean_menu_typo_transform":"","ocean_menu_typo_transform_tablet":"","ocean_menu_typo_transform_mobile":"","ocean_menu_typo_line_height":0,"ocean_menu_typo_line_height_tablet":0,"ocean_menu_typo_line_height_mobile":0,"ocean_menu_typo_line_height_unit":"","ocean_menu_typo_spacing":0,"ocean_menu_typo_spacing_tablet":0,"ocean_menu_typo_spacing_mobile":0,"ocean_menu_typo_spacing_unit":"","ocean_menu_link_color":"","ocean_menu_link_color_hover":"","ocean_menu_link_color_active":"","ocean_menu_link_background":"","ocean_menu_link_hover_background":"","ocean_menu_link_active_background":"","ocean_menu_social_links_bg":"","ocean_menu_social_hover_links_bg":"","ocean_menu_social_links_color":"","ocean_menu_social_hover_links_color":"","ocean_disable_title":"default","ocean_disable_heading":"default","ocean_post_title":"","ocean_post_subheading":"","ocean_post_title_style":"","ocean_post_title_background_color":"","ocean_post_title_background":0,"ocean_post_title_bg_image_position":"","ocean_post_title_bg_image_attachment":"","ocean_post_title_bg_image_repeat":"","ocean_post_title_bg_image_size":"","ocean_post_title_height":0,"ocean_post_title_bg_overlay":0.5,"ocean_post_title_bg_overlay_color":"","ocean_disable_breadcrumbs":"default","ocean_breadcrumbs_color":"","ocean_breadcrumbs_separator_color":"","ocean_breadcrumbs_links_color":"","ocean_breadcrumbs_links_hover_color":"","ocean_display_footer_widgets":"default","ocean_display_footer_bottom":"default","ocean_custom_footer_template":"0"},"product_brand":[],"product_cat":[28],"product_tag":[89],"class_list":{"0":"post-1350","1":"product","2":"type-product","3":"status-publish","4":"has-post-thumbnail","6":"product_cat-cubisme","7":"product_tag-vendu","9":"entry","10":"has-media","12":"first","13":"instock","14":"shipping-taxable","15":"product-type-simple","16":"has-product-nav","17":"col","18":"span_1_of_3","19":"owp-content-center","20":"owp-thumbs-layout-horizontal","21":"owp-btn-normal","22":"owp-tabs-layout-horizontal"},"yoast_head":"<!-- This site is optimized with the Yoast SEO plugin v27.5 - https:\/\/yoast.com\/product\/yoast-seo-wordpress\/ -->\n<title>Lemniscate - Sophie Laurent Lazinier - sculptrice<\/title>\n<meta name=\"robots\" content=\"index, follow, max-snippet:-1, max-image-preview:large, max-video-preview:-1\" \/>\n<link rel=\"canonical\" href=\"https:\/\/www.solaulaz.com\/index.php\/produit\/lemniscate\/\" \/>\n<meta property=\"og:locale\" content=\"fr_FR\" \/>\n<meta property=\"og:type\" content=\"article\" \/>\n<meta property=\"og:title\" content=\"Lemniscate - Sophie Laurent Lazinier - sculptrice\" \/>\n<meta property=\"og:description\" content=\"Technique : terre cuite patin\u00e9e Dimensions : L 21 x l 18 x H 9 Ann\u00e9e : 2020 Sign\u00e9e Num\u00e9rotation : 1\/1 \u267e Lemniscate  Une spirale qui se replie sur elle-m\u00eame, un mouvement continu, sans d\u00e9but ni fin. \u00c0 travers une \u00e9criture cubiste, la forme se tend, se creuse et s\u2019\u00e9quilibre, \u00e9voquant l\u2019infini, le cycle, la respiration du temps.  \ud83d\uddff Lemniscate est une pi\u00e8ce unique, r\u00e9alis\u00e9e en terre cuite, puis patin\u00e9e et sublim\u00e9e par une peinture m\u00e9tallique couleur bronze. La mati\u00e8re capte la lumi\u00e8re, souligne les courbes et r\u00e9v\u00e8le la tension entre masse et vide.  Une sculpture \u00e0 contempler comme un symbole : celui du mouvement perp\u00e9tuel et de l\u2019\u00e9ternel recommencement.\" \/>\n<meta property=\"og:url\" content=\"https:\/\/www.solaulaz.com\/index.php\/produit\/lemniscate\/\" \/>\n<meta property=\"og:site_name\" content=\"Sophie Laurent Lazinier - sculptrice\" \/>\n<meta property=\"article:publisher\" content=\"https:\/\/www.facebook.com\/solaulaz\" \/>\n<meta property=\"article:modified_time\" content=\"2026-01-05T20:14:55+00:00\" \/>\n<meta property=\"og:image\" content=\"https:\/\/www.solaulaz.com\/wp-content\/uploads\/2022\/01\/APC_0032-scaled.jpg\" \/>\n\t<meta property=\"og:image:width\" content=\"1920\" \/>\n\t<meta property=\"og:image:height\" content=\"2560\" \/>\n\t<meta property=\"og:image:type\" content=\"image\/jpeg\" \/>\n<meta name=\"twitter:card\" content=\"summary_large_image\" \/>\n<meta name=\"twitter:label1\" content=\"Dur\u00e9e de lecture estim\u00e9e\" \/>\n\t<meta name=\"twitter:data1\" content=\"1 minute\" \/>\n<script type=\"application\/ld+json\" class=\"yoast-schema-graph\">{\"@context\":\"https:\\\/\\\/schema.org\",\"@graph\":[{\"@type\":\"WebPage\",\"@id\":\"https:\\\/\\\/www.solaulaz.com\\\/index.php\\\/produit\\\/lemniscate\\\/\",\"url\":\"https:\\\/\\\/www.solaulaz.com\\\/index.php\\\/produit\\\/lemniscate\\\/\",\"name\":\"Lemniscate - Sophie Laurent Lazinier - sculptrice\",\"isPartOf\":{\"@id\":\"https:\\\/\\\/www.solaulaz.com\\\/#website\"},\"primaryImageOfPage\":{\"@id\":\"https:\\\/\\\/www.solaulaz.com\\\/index.php\\\/produit\\\/lemniscate\\\/#primaryimage\"},\"image\":{\"@id\":\"https:\\\/\\\/www.solaulaz.com\\\/index.php\\\/produit\\\/lemniscate\\\/#primaryimage\"},\"thumbnailUrl\":\"https:\\\/\\\/www.solaulaz.com\\\/wp-content\\\/uploads\\\/2022\\\/01\\\/APC_0032-scaled.jpg\",\"datePublished\":\"2022-01-23T14:16:06+00:00\",\"dateModified\":\"2026-01-05T20:14:55+00:00\",\"breadcrumb\":{\"@id\":\"https:\\\/\\\/www.solaulaz.com\\\/index.php\\\/produit\\\/lemniscate\\\/#breadcrumb\"},\"inLanguage\":\"fr-FR\",\"potentialAction\":[{\"@type\":\"ReadAction\",\"target\":[\"https:\\\/\\\/www.solaulaz.com\\\/index.php\\\/produit\\\/lemniscate\\\/\"]}]},{\"@type\":\"ImageObject\",\"inLanguage\":\"fr-FR\",\"@id\":\"https:\\\/\\\/www.solaulaz.com\\\/index.php\\\/produit\\\/lemniscate\\\/#primaryimage\",\"url\":\"https:\\\/\\\/www.solaulaz.com\\\/wp-content\\\/uploads\\\/2022\\\/01\\\/APC_0032-scaled.jpg\",\"contentUrl\":\"https:\\\/\\\/www.solaulaz.com\\\/wp-content\\\/uploads\\\/2022\\\/01\\\/APC_0032-scaled.jpg\",\"width\":1920,\"height\":2560},{\"@type\":\"BreadcrumbList\",\"@id\":\"https:\\\/\\\/www.solaulaz.com\\\/index.php\\\/produit\\\/lemniscate\\\/#breadcrumb\",\"itemListElement\":[{\"@type\":\"ListItem\",\"position\":1,\"name\":\"Accueil\",\"item\":\"https:\\\/\\\/www.solaulaz.com\\\/\"},{\"@type\":\"ListItem\",\"position\":2,\"name\":\"\u0152uvres\",\"item\":\"https:\\\/\\\/www.solaulaz.com\\\/index.php\\\/oeuvres\\\/\"},{\"@type\":\"ListItem\",\"position\":3,\"name\":\"Cubisme\",\"item\":\"https:\\\/\\\/www.solaulaz.com\\\/index.php\\\/categorie-produit\\\/cubisme\\\/\"},{\"@type\":\"ListItem\",\"position\":4,\"name\":\"Lemniscate\"}]},{\"@type\":\"WebSite\",\"@id\":\"https:\\\/\\\/www.solaulaz.com\\\/#website\",\"url\":\"https:\\\/\\\/www.solaulaz.com\\\/\",\"name\":\"Sophie Laurent Lazinier - sculptrice\",\"description\":\"Un regard pour capter l instant\",\"publisher\":{\"@id\":\"https:\\\/\\\/www.solaulaz.com\\\/#organization\"},\"potentialAction\":[{\"@type\":\"SearchAction\",\"target\":{\"@type\":\"EntryPoint\",\"urlTemplate\":\"https:\\\/\\\/www.solaulaz.com\\\/?s={search_term_string}\"},\"query-input\":{\"@type\":\"PropertyValueSpecification\",\"valueRequired\":true,\"valueName\":\"search_term_string\"}}],\"inLanguage\":\"fr-FR\"},{\"@type\":\"Organization\",\"@id\":\"https:\\\/\\\/www.solaulaz.com\\\/#organization\",\"name\":\"SOLAULAZ\",\"url\":\"https:\\\/\\\/www.solaulaz.com\\\/\",\"logo\":{\"@type\":\"ImageObject\",\"inLanguage\":\"fr-FR\",\"@id\":\"https:\\\/\\\/www.solaulaz.com\\\/#\\\/schema\\\/logo\\\/image\\\/\",\"url\":\"https:\\\/\\\/www.solaulaz.com\\\/wp-content\\\/uploads\\\/2022\\\/01\\\/solaulaz.png\",\"contentUrl\":\"https:\\\/\\\/www.solaulaz.com\\\/wp-content\\\/uploads\\\/2022\\\/01\\\/solaulaz.png\",\"width\":629,\"height\":629,\"caption\":\"SOLAULAZ\"},\"image\":{\"@id\":\"https:\\\/\\\/www.solaulaz.com\\\/#\\\/schema\\\/logo\\\/image\\\/\"},\"sameAs\":[\"https:\\\/\\\/www.facebook.com\\\/solaulaz\",\"https:\\\/\\\/www.instagram.com\\\/solaulaz\\\/?hl=fr\",\"https:\\\/\\\/www.pinterest.fr\\\/solaulaz\\\/\"]}]}<\/script>\n<!-- \/ Yoast SEO plugin. -->","yoast_head_json":{"title":"Lemniscate - Sophie Laurent Lazinier - sculptrice","robots":{"index":"index","follow":"follow","max-snippet":"max-snippet:-1","max-image-preview":"max-image-preview:large","max-video-preview":"max-video-preview:-1"},"canonical":"https:\/\/www.solaulaz.com\/index.php\/produit\/lemniscate\/","og_locale":"fr_FR","og_type":"article","og_title":"Lemniscate - Sophie Laurent Lazinier - sculptrice","og_description":"Technique : terre cuite patin\u00e9e Dimensions : L 21 x l 18 x H 9 Ann\u00e9e : 2020 Sign\u00e9e Num\u00e9rotation : 1\/1 \u267e Lemniscate  Une spirale qui se replie sur elle-m\u00eame, un mouvement continu, sans d\u00e9but ni fin. \u00c0 travers une \u00e9criture cubiste, la forme se tend, se creuse et s\u2019\u00e9quilibre, \u00e9voquant l\u2019infini, le cycle, la respiration du temps.  \ud83d\uddff Lemniscate est une pi\u00e8ce unique, r\u00e9alis\u00e9e en terre cuite, puis patin\u00e9e et sublim\u00e9e par une peinture m\u00e9tallique couleur bronze. La mati\u00e8re capte la lumi\u00e8re, souligne les courbes et r\u00e9v\u00e8le la tension entre masse et vide.  Une sculpture \u00e0 contempler comme un symbole : celui du mouvement perp\u00e9tuel et de l\u2019\u00e9ternel recommencement.","og_url":"https:\/\/www.solaulaz.com\/index.php\/produit\/lemniscate\/","og_site_name":"Sophie Laurent Lazinier - sculptrice","article_publisher":"https:\/\/www.facebook.com\/solaulaz","article_modified_time":"2026-01-05T20:14:55+00:00","og_image":[{"width":1920,"height":2560,"url":"https:\/\/www.solaulaz.com\/wp-content\/uploads\/2022\/01\/APC_0032-scaled.jpg","type":"image\/jpeg"}],"twitter_card":"summary_large_image","twitter_misc":{"Dur\u00e9e de lecture estim\u00e9e":"1 minute"},"schema":{"@context":"https:\/\/schema.org","@graph":[{"@type":"WebPage","@id":"https:\/\/www.solaulaz.com\/index.php\/produit\/lemniscate\/","url":"https:\/\/www.solaulaz.com\/index.php\/produit\/lemniscate\/","name":"Lemniscate - Sophie Laurent Lazinier - sculptrice","isPartOf":{"@id":"https:\/\/www.solaulaz.com\/#website"},"primaryImageOfPage":{"@id":"https:\/\/www.solaulaz.com\/index.php\/produit\/lemniscate\/#primaryimage"},"image":{"@id":"https:\/\/www.solaulaz.com\/index.php\/produit\/lemniscate\/#primaryimage"},"thumbnailUrl":"https:\/\/www.solaulaz.com\/wp-content\/uploads\/2022\/01\/APC_0032-scaled.jpg","datePublished":"2022-01-23T14:16:06+00:00","dateModified":"2026-01-05T20:14:55+00:00","breadcrumb":{"@id":"https:\/\/www.solaulaz.com\/index.php\/produit\/lemniscate\/#breadcrumb"},"inLanguage":"fr-FR","potentialAction":[{"@type":"ReadAction","target":["https:\/\/www.solaulaz.com\/index.php\/produit\/lemniscate\/"]}]},{"@type":"ImageObject","inLanguage":"fr-FR","@id":"https:\/\/www.solaulaz.com\/index.php\/produit\/lemniscate\/#primaryimage","url":"https:\/\/www.solaulaz.com\/wp-content\/uploads\/2022\/01\/APC_0032-scaled.jpg","contentUrl":"https:\/\/www.solaulaz.com\/wp-content\/uploads\/2022\/01\/APC_0032-scaled.jpg","width":1920,"height":2560},{"@type":"BreadcrumbList","@id":"https:\/\/www.solaulaz.com\/index.php\/produit\/lemniscate\/#breadcrumb","itemListElement":[{"@type":"ListItem","position":1,"name":"Accueil","item":"https:\/\/www.solaulaz.com\/"},{"@type":"ListItem","position":2,"name":"\u0152uvres","item":"https:\/\/www.solaulaz.com\/index.php\/oeuvres\/"},{"@type":"ListItem","position":3,"name":"Cubisme","item":"https:\/\/www.solaulaz.com\/index.php\/categorie-produit\/cubisme\/"},{"@type":"ListItem","position":4,"name":"Lemniscate"}]},{"@type":"WebSite","@id":"https:\/\/www.solaulaz.com\/#website","url":"https:\/\/www.solaulaz.com\/","name":"Sophie Laurent Lazinier - sculptrice","description":"Un regard pour capter l instant","publisher":{"@id":"https:\/\/www.solaulaz.com\/#organization"},"potentialAction":[{"@type":"SearchAction","target":{"@type":"EntryPoint","urlTemplate":"https:\/\/www.solaulaz.com\/?s={search_term_string}"},"query-input":{"@type":"PropertyValueSpecification","valueRequired":true,"valueName":"search_term_string"}}],"inLanguage":"fr-FR"},{"@type":"Organization","@id":"https:\/\/www.solaulaz.com\/#organization","name":"SOLAULAZ","url":"https:\/\/www.solaulaz.com\/","logo":{"@type":"ImageObject","inLanguage":"fr-FR","@id":"https:\/\/www.solaulaz.com\/#\/schema\/logo\/image\/","url":"https:\/\/www.solaulaz.com\/wp-content\/uploads\/2022\/01\/solaulaz.png","contentUrl":"https:\/\/www.solaulaz.com\/wp-content\/uploads\/2022\/01\/solaulaz.png","width":629,"height":629,"caption":"SOLAULAZ"},"image":{"@id":"https:\/\/www.solaulaz.com\/#\/schema\/logo\/image\/"},"sameAs":["https:\/\/www.facebook.com\/solaulaz","https:\/\/www.instagram.com\/solaulaz\/?hl=fr","https:\/\/www.pinterest.fr\/solaulaz\/"]}]}},"_links":{"self":[{"href":"https:\/\/www.solaulaz.com\/index.php\/wp-json\/wp\/v2\/product\/1350","targetHints":{"allow":["GET"]}}],"collection":[{"href":"https:\/\/www.solaulaz.com\/index.php\/wp-json\/wp\/v2\/product"}],"about":[{"href":"https:\/\/www.solaulaz.com\/index.php\/wp-json\/wp\/v2\/types\/product"}],"replies":[{"embeddable":true,"href":"https:\/\/www.solaulaz.com\/index.php\/wp-json\/wp\/v2\/comments?post=1350"}],"wp:featuredmedia":[{"embeddable":true,"href":"https:\/\/www.solaulaz.com\/index.php\/wp-json\/wp\/v2\/media\/1356"}],"wp:attachment":[{"href":"https:\/\/www.solaulaz.com\/index.php\/wp-json\/wp\/v2\/media?parent=1350"}],"wp:term":[{"taxonomy":"product_brand","embeddable":true,"href":"https:\/\/www.solaulaz.com\/index.php\/wp-json\/wp\/v2\/product_brand?post=1350"},{"taxonomy":"product_cat","embeddable":true,"href":"https:\/\/www.solaulaz.com\/index.php\/wp-json\/wp\/v2\/product_cat?post=1350"},{"taxonomy":"product_tag","embeddable":true,"href":"https:\/\/www.solaulaz.com\/index.php\/wp-json\/wp\/v2\/product_tag?post=1350"}],"curies":[{"name":"wp","href":"https:\/\/api.w.org\/{rel}","templated":true}]}}