{"id":2476,"date":"2025-07-02T15:11:09","date_gmt":"2025-07-02T13:11:09","guid":{"rendered":"https:\/\/www.solaulaz.com\/?post_type=product&#038;p=2476"},"modified":"2026-01-05T21:50:14","modified_gmt":"2026-01-05T20:50:14","slug":"lumiere-cosmique-5","status":"publish","type":"product","link":"https:\/\/www.solaulaz.com\/index.php\/produit\/lumiere-cosmique-5\/","title":{"rendered":"Lumi\u00e8re cosmique #5"},"content":{"rendered":"","protected":false},"excerpt":{"rendered":"<div class=\"xdj266r x14z9mp xat24cr x1lziwak x1vvkbs x126k92a\">\n<div dir=\"auto\">Lumi\u00e8re sculpt\u00e9e, langage abstrait, cette lampe-sculpture en gr\u00e8s conjugue rigueur et po\u00e9sie avec une audace sereine. Inspir\u00e9e par l\u2019architecture, cette \u0153uvre unique explore la tension entre volume brut et g\u00e9om\u00e9trie sensible.<\/div>\n<\/div>\n<div class=\"x14z9mp xat24cr x1lziwak x1vvkbs xtlvy1s x126k92a\">\n<div dir=\"auto\">Le gr\u00e8s, est ici model\u00e9 avec une pr\u00e9cision presque rituelle : sph\u00e8re, triangle, cylindre et angle droit dialoguent sans hi\u00e9rarchie, dans une composition qui \u00e9voque tour \u00e0 tour un masque tribal futuriste, un totem urbain ou une cr\u00e9ature fig\u00e9e dans la pierre. L\u2019abat-jour perfor\u00e9, comme une peau constell\u00e9e, projette des \u00e9clats d\u2019ombre et de lumi\u00e8re qui amplifient la magie du relief.<\/div>\n<\/div>\n<div class=\"x14z9mp xat24cr x1lziwak x1vvkbs xtlvy1s x126k92a\">\n<div dir=\"auto\">Plus qu\u2019un objet, une \u00e9nigme pos\u00e9e sur socle. Une lumi\u00e8re qui ne montre pas, mais qui sugg\u00e8re.<\/div>\n<\/div>\n<p>Mat\u00e9riau : Terre cuite patin\u00e9e, abat jour<\/p>\n<p>Dimensions : L 40 x l 40 x H 55,5 cm (abat-jour inclus)<\/p>\n<p>Ann\u00e9e : 2025<\/p>\n<p>\u0152uvre unique : Pi\u00e8ce originale sign\u00e9e, disponible en un seul exemplaire<\/p>\n<p>Si vous avez un coup de c\u0153ur pour cette sculpture, n\u2019h\u00e9sitez pas \u00e0 nous contacter par t\u00e9l\u00e9phone ou en utilisant le <a href=\"https:\/\/www.solaulaz.com\/index.php\/contact\/\">formulaire de contact\u00a0<\/a><\/p>\n","protected":false},"featured_media":2477,"comment_status":"open","ping_status":"closed","template":"","meta":{"ocean_post_layout":"","ocean_both_sidebars_style":"","ocean_both_sidebars_content_width":0,"ocean_both_sidebars_sidebars_width":0,"ocean_sidebar":"0","ocean_second_sidebar":"0","ocean_disable_margins":"enable","ocean_add_body_class":"","ocean_shortcode_before_top_bar":"","ocean_shortcode_after_top_bar":"","ocean_shortcode_before_header":"","ocean_shortcode_after_header":"","ocean_has_shortcode":"","ocean_shortcode_after_title":"","ocean_shortcode_before_footer_widgets":"","ocean_shortcode_after_footer_widgets":"","ocean_shortcode_before_footer_bottom":"","ocean_shortcode_after_footer_bottom":"","ocean_display_top_bar":"default","ocean_display_header":"default","ocean_header_style":"","ocean_center_header_left_menu":"0","ocean_custom_header_template":"0","ocean_custom_logo":0,"ocean_custom_retina_logo":0,"ocean_custom_logo_max_width":0,"ocean_custom_logo_tablet_max_width":0,"ocean_custom_logo_mobile_max_width":0,"ocean_custom_logo_max_height":0,"ocean_custom_logo_tablet_max_height":0,"ocean_custom_logo_mobile_max_height":0,"ocean_header_custom_menu":"0","ocean_menu_typo_font_family":"0","ocean_menu_typo_font_subset":"","ocean_menu_typo_font_size":0,"ocean_menu_typo_font_size_tablet":0,"ocean_menu_typo_font_size_mobile":0,"ocean_menu_typo_font_size_unit":"px","ocean_menu_typo_font_weight":"","ocean_menu_typo_font_weight_tablet":"","ocean_menu_typo_font_weight_mobile":"","ocean_menu_typo_transform":"","ocean_menu_typo_transform_tablet":"","ocean_menu_typo_transform_mobile":"","ocean_menu_typo_line_height":0,"ocean_menu_typo_line_height_tablet":0,"ocean_menu_typo_line_height_mobile":0,"ocean_menu_typo_line_height_unit":"","ocean_menu_typo_spacing":0,"ocean_menu_typo_spacing_tablet":0,"ocean_menu_typo_spacing_mobile":0,"ocean_menu_typo_spacing_unit":"","ocean_menu_link_color":"","ocean_menu_link_color_hover":"","ocean_menu_link_color_active":"","ocean_menu_link_background":"","ocean_menu_link_hover_background":"","ocean_menu_link_active_background":"","ocean_menu_social_links_bg":"","ocean_menu_social_hover_links_bg":"","ocean_menu_social_links_color":"","ocean_menu_social_hover_links_color":"","ocean_disable_title":"default","ocean_disable_heading":"default","ocean_post_title":"","ocean_post_subheading":"","ocean_post_title_style":"","ocean_post_title_background_color":"","ocean_post_title_background":0,"ocean_post_title_bg_image_position":"","ocean_post_title_bg_image_attachment":"","ocean_post_title_bg_image_repeat":"","ocean_post_title_bg_image_size":"","ocean_post_title_height":0,"ocean_post_title_bg_overlay":0.5,"ocean_post_title_bg_overlay_color":"","ocean_disable_breadcrumbs":"default","ocean_breadcrumbs_color":"","ocean_breadcrumbs_separator_color":"","ocean_breadcrumbs_links_color":"","ocean_breadcrumbs_links_hover_color":"","ocean_display_footer_widgets":"default","ocean_display_footer_bottom":"default","ocean_custom_footer_template":"0"},"product_brand":[],"product_cat":[99],"product_tag":[],"class_list":{"0":"post-2476","1":"product","2":"type-product","3":"status-publish","4":"has-post-thumbnail","6":"product_cat-lampes","8":"entry","9":"has-media","11":"first","12":"instock","13":"shipping-taxable","14":"product-type-simple","15":"has-product-nav","16":"col","17":"span_1_of_3","18":"owp-content-center","19":"owp-thumbs-layout-horizontal","20":"owp-btn-normal","21":"owp-tabs-layout-horizontal"},"yoast_head":"<!-- This site is optimized with the Yoast SEO plugin v27.3 - https:\/\/yoast.com\/product\/yoast-seo-wordpress\/ -->\n<title>Lumi\u00e8re cosmique #5 - Sophie Laurent Lazinier - sculptrice<\/title>\n<meta name=\"robots\" content=\"index, follow, max-snippet:-1, max-image-preview:large, max-video-preview:-1\" \/>\n<link rel=\"canonical\" href=\"https:\/\/www.solaulaz.com\/index.php\/produit\/lumiere-cosmique-5\/\" \/>\n<meta property=\"og:locale\" content=\"fr_FR\" \/>\n<meta property=\"og:type\" content=\"article\" \/>\n<meta property=\"og:title\" content=\"Lumi\u00e8re cosmique #5 - Sophie Laurent Lazinier - sculptrice\" \/>\n<meta property=\"og:description\" content=\"Lumi\u00e8re sculpt\u00e9e, langage abstrait, cette lampe-sculpture en gr\u00e8s conjugue rigueur et po\u00e9sie avec une audace sereine. Inspir\u00e9e par l\u2019architecture, cette \u0153uvre unique explore la tension entre volume brut et g\u00e9om\u00e9trie sensible.   Le gr\u00e8s, est ici model\u00e9 avec une pr\u00e9cision presque rituelle : sph\u00e8re, triangle, cylindre et angle droit dialoguent sans hi\u00e9rarchie, dans une composition qui \u00e9voque tour \u00e0 tour un masque tribal futuriste, un totem urbain ou une cr\u00e9ature fig\u00e9e dans la pierre. L\u2019abat-jour perfor\u00e9, comme une peau constell\u00e9e, projette des \u00e9clats d\u2019ombre et de lumi\u00e8re qui amplifient la magie du relief.   Plus qu\u2019un objet, une \u00e9nigme pos\u00e9e sur socle. Une lumi\u00e8re qui ne montre pas, mais qui sugg\u00e8re.  Mat\u00e9riau : Terre cuite patin\u00e9e, abat jour  Dimensions : L 40 x l 40 x H 55,5 cm (abat-jour inclus)  Ann\u00e9e : 2025  \u0152uvre unique : Pi\u00e8ce originale sign\u00e9e, disponible en un seul exemplaire  Si vous avez un coup de c\u0153ur pour cette sculpture, n\u2019h\u00e9sitez pas \u00e0 nous contacter par t\u00e9l\u00e9phone ou en utilisant le formulaire de contact\u00a0\" \/>\n<meta property=\"og:url\" content=\"https:\/\/www.solaulaz.com\/index.php\/produit\/lumiere-cosmique-5\/\" \/>\n<meta property=\"og:site_name\" content=\"Sophie Laurent Lazinier - sculptrice\" \/>\n<meta property=\"article:publisher\" content=\"https:\/\/www.facebook.com\/solaulaz\" \/>\n<meta property=\"article:modified_time\" content=\"2026-01-05T20:50:14+00:00\" \/>\n<meta property=\"og:image\" content=\"https:\/\/www.solaulaz.com\/wp-content\/uploads\/2025\/07\/IMG_8035-scaled.jpeg\" \/>\n\t<meta property=\"og:image:width\" content=\"2560\" \/>\n\t<meta property=\"og:image:height\" content=\"2560\" \/>\n\t<meta property=\"og:image:type\" content=\"image\/jpeg\" \/>\n<meta name=\"twitter:card\" content=\"summary_large_image\" \/>\n<meta name=\"twitter:label1\" content=\"Dur\u00e9e de lecture estim\u00e9e\" \/>\n\t<meta name=\"twitter:data1\" content=\"1 minute\" \/>\n<script type=\"application\/ld+json\" class=\"yoast-schema-graph\">{\"@context\":\"https:\\\/\\\/schema.org\",\"@graph\":[{\"@type\":\"WebPage\",\"@id\":\"https:\\\/\\\/www.solaulaz.com\\\/index.php\\\/produit\\\/lumiere-cosmique-5\\\/\",\"url\":\"https:\\\/\\\/www.solaulaz.com\\\/index.php\\\/produit\\\/lumiere-cosmique-5\\\/\",\"name\":\"Lumi\u00e8re cosmique #5 - Sophie Laurent Lazinier - sculptrice\",\"isPartOf\":{\"@id\":\"https:\\\/\\\/www.solaulaz.com\\\/#website\"},\"primaryImageOfPage\":{\"@id\":\"https:\\\/\\\/www.solaulaz.com\\\/index.php\\\/produit\\\/lumiere-cosmique-5\\\/#primaryimage\"},\"image\":{\"@id\":\"https:\\\/\\\/www.solaulaz.com\\\/index.php\\\/produit\\\/lumiere-cosmique-5\\\/#primaryimage\"},\"thumbnailUrl\":\"https:\\\/\\\/www.solaulaz.com\\\/wp-content\\\/uploads\\\/2025\\\/07\\\/IMG_8035-scaled.jpeg\",\"datePublished\":\"2025-07-02T13:11:09+00:00\",\"dateModified\":\"2026-01-05T20:50:14+00:00\",\"breadcrumb\":{\"@id\":\"https:\\\/\\\/www.solaulaz.com\\\/index.php\\\/produit\\\/lumiere-cosmique-5\\\/#breadcrumb\"},\"inLanguage\":\"fr-FR\",\"potentialAction\":[{\"@type\":\"ReadAction\",\"target\":[\"https:\\\/\\\/www.solaulaz.com\\\/index.php\\\/produit\\\/lumiere-cosmique-5\\\/\"]}]},{\"@type\":\"ImageObject\",\"inLanguage\":\"fr-FR\",\"@id\":\"https:\\\/\\\/www.solaulaz.com\\\/index.php\\\/produit\\\/lumiere-cosmique-5\\\/#primaryimage\",\"url\":\"https:\\\/\\\/www.solaulaz.com\\\/wp-content\\\/uploads\\\/2025\\\/07\\\/IMG_8035-scaled.jpeg\",\"contentUrl\":\"https:\\\/\\\/www.solaulaz.com\\\/wp-content\\\/uploads\\\/2025\\\/07\\\/IMG_8035-scaled.jpeg\",\"width\":2560,\"height\":2560},{\"@type\":\"BreadcrumbList\",\"@id\":\"https:\\\/\\\/www.solaulaz.com\\\/index.php\\\/produit\\\/lumiere-cosmique-5\\\/#breadcrumb\",\"itemListElement\":[{\"@type\":\"ListItem\",\"position\":1,\"name\":\"Accueil\",\"item\":\"https:\\\/\\\/www.solaulaz.com\\\/\"},{\"@type\":\"ListItem\",\"position\":2,\"name\":\"\u0152uvres\",\"item\":\"https:\\\/\\\/www.solaulaz.com\\\/index.php\\\/oeuvres\\\/\"},{\"@type\":\"ListItem\",\"position\":3,\"name\":\"Lampes\",\"item\":\"https:\\\/\\\/www.solaulaz.com\\\/index.php\\\/categorie-produit\\\/lampes\\\/\"},{\"@type\":\"ListItem\",\"position\":4,\"name\":\"Lumi\u00e8re cosmique #5\"}]},{\"@type\":\"WebSite\",\"@id\":\"https:\\\/\\\/www.solaulaz.com\\\/#website\",\"url\":\"https:\\\/\\\/www.solaulaz.com\\\/\",\"name\":\"Sophie Laurent Lazinier - sculptrice\",\"description\":\"Un regard pour capter l instant\",\"publisher\":{\"@id\":\"https:\\\/\\\/www.solaulaz.com\\\/#organization\"},\"potentialAction\":[{\"@type\":\"SearchAction\",\"target\":{\"@type\":\"EntryPoint\",\"urlTemplate\":\"https:\\\/\\\/www.solaulaz.com\\\/?s={search_term_string}\"},\"query-input\":{\"@type\":\"PropertyValueSpecification\",\"valueRequired\":true,\"valueName\":\"search_term_string\"}}],\"inLanguage\":\"fr-FR\"},{\"@type\":\"Organization\",\"@id\":\"https:\\\/\\\/www.solaulaz.com\\\/#organization\",\"name\":\"SOLAULAZ\",\"url\":\"https:\\\/\\\/www.solaulaz.com\\\/\",\"logo\":{\"@type\":\"ImageObject\",\"inLanguage\":\"fr-FR\",\"@id\":\"https:\\\/\\\/www.solaulaz.com\\\/#\\\/schema\\\/logo\\\/image\\\/\",\"url\":\"https:\\\/\\\/www.solaulaz.com\\\/wp-content\\\/uploads\\\/2022\\\/01\\\/solaulaz.png\",\"contentUrl\":\"https:\\\/\\\/www.solaulaz.com\\\/wp-content\\\/uploads\\\/2022\\\/01\\\/solaulaz.png\",\"width\":629,\"height\":629,\"caption\":\"SOLAULAZ\"},\"image\":{\"@id\":\"https:\\\/\\\/www.solaulaz.com\\\/#\\\/schema\\\/logo\\\/image\\\/\"},\"sameAs\":[\"https:\\\/\\\/www.facebook.com\\\/solaulaz\",\"https:\\\/\\\/www.instagram.com\\\/solaulaz\\\/?hl=fr\",\"https:\\\/\\\/www.pinterest.fr\\\/solaulaz\\\/\"]}]}<\/script>\n<!-- \/ Yoast SEO plugin. -->","yoast_head_json":{"title":"Lumi\u00e8re cosmique #5 - Sophie Laurent Lazinier - sculptrice","robots":{"index":"index","follow":"follow","max-snippet":"max-snippet:-1","max-image-preview":"max-image-preview:large","max-video-preview":"max-video-preview:-1"},"canonical":"https:\/\/www.solaulaz.com\/index.php\/produit\/lumiere-cosmique-5\/","og_locale":"fr_FR","og_type":"article","og_title":"Lumi\u00e8re cosmique #5 - Sophie Laurent Lazinier - sculptrice","og_description":"Lumi\u00e8re sculpt\u00e9e, langage abstrait, cette lampe-sculpture en gr\u00e8s conjugue rigueur et po\u00e9sie avec une audace sereine. Inspir\u00e9e par l\u2019architecture, cette \u0153uvre unique explore la tension entre volume brut et g\u00e9om\u00e9trie sensible.   Le gr\u00e8s, est ici model\u00e9 avec une pr\u00e9cision presque rituelle : sph\u00e8re, triangle, cylindre et angle droit dialoguent sans hi\u00e9rarchie, dans une composition qui \u00e9voque tour \u00e0 tour un masque tribal futuriste, un totem urbain ou une cr\u00e9ature fig\u00e9e dans la pierre. L\u2019abat-jour perfor\u00e9, comme une peau constell\u00e9e, projette des \u00e9clats d\u2019ombre et de lumi\u00e8re qui amplifient la magie du relief.   Plus qu\u2019un objet, une \u00e9nigme pos\u00e9e sur socle. Une lumi\u00e8re qui ne montre pas, mais qui sugg\u00e8re.  Mat\u00e9riau : Terre cuite patin\u00e9e, abat jour  Dimensions : L 40 x l 40 x H 55,5 cm (abat-jour inclus)  Ann\u00e9e : 2025  \u0152uvre unique : Pi\u00e8ce originale sign\u00e9e, disponible en un seul exemplaire  Si vous avez un coup de c\u0153ur pour cette sculpture, n\u2019h\u00e9sitez pas \u00e0 nous contacter par t\u00e9l\u00e9phone ou en utilisant le formulaire de contact\u00a0","og_url":"https:\/\/www.solaulaz.com\/index.php\/produit\/lumiere-cosmique-5\/","og_site_name":"Sophie Laurent Lazinier - sculptrice","article_publisher":"https:\/\/www.facebook.com\/solaulaz","article_modified_time":"2026-01-05T20:50:14+00:00","og_image":[{"width":2560,"height":2560,"url":"https:\/\/www.solaulaz.com\/wp-content\/uploads\/2025\/07\/IMG_8035-scaled.jpeg","type":"image\/jpeg"}],"twitter_card":"summary_large_image","twitter_misc":{"Dur\u00e9e de lecture estim\u00e9e":"1 minute"},"schema":{"@context":"https:\/\/schema.org","@graph":[{"@type":"WebPage","@id":"https:\/\/www.solaulaz.com\/index.php\/produit\/lumiere-cosmique-5\/","url":"https:\/\/www.solaulaz.com\/index.php\/produit\/lumiere-cosmique-5\/","name":"Lumi\u00e8re cosmique #5 - Sophie Laurent Lazinier - sculptrice","isPartOf":{"@id":"https:\/\/www.solaulaz.com\/#website"},"primaryImageOfPage":{"@id":"https:\/\/www.solaulaz.com\/index.php\/produit\/lumiere-cosmique-5\/#primaryimage"},"image":{"@id":"https:\/\/www.solaulaz.com\/index.php\/produit\/lumiere-cosmique-5\/#primaryimage"},"thumbnailUrl":"https:\/\/www.solaulaz.com\/wp-content\/uploads\/2025\/07\/IMG_8035-scaled.jpeg","datePublished":"2025-07-02T13:11:09+00:00","dateModified":"2026-01-05T20:50:14+00:00","breadcrumb":{"@id":"https:\/\/www.solaulaz.com\/index.php\/produit\/lumiere-cosmique-5\/#breadcrumb"},"inLanguage":"fr-FR","potentialAction":[{"@type":"ReadAction","target":["https:\/\/www.solaulaz.com\/index.php\/produit\/lumiere-cosmique-5\/"]}]},{"@type":"ImageObject","inLanguage":"fr-FR","@id":"https:\/\/www.solaulaz.com\/index.php\/produit\/lumiere-cosmique-5\/#primaryimage","url":"https:\/\/www.solaulaz.com\/wp-content\/uploads\/2025\/07\/IMG_8035-scaled.jpeg","contentUrl":"https:\/\/www.solaulaz.com\/wp-content\/uploads\/2025\/07\/IMG_8035-scaled.jpeg","width":2560,"height":2560},{"@type":"BreadcrumbList","@id":"https:\/\/www.solaulaz.com\/index.php\/produit\/lumiere-cosmique-5\/#breadcrumb","itemListElement":[{"@type":"ListItem","position":1,"name":"Accueil","item":"https:\/\/www.solaulaz.com\/"},{"@type":"ListItem","position":2,"name":"\u0152uvres","item":"https:\/\/www.solaulaz.com\/index.php\/oeuvres\/"},{"@type":"ListItem","position":3,"name":"Lampes","item":"https:\/\/www.solaulaz.com\/index.php\/categorie-produit\/lampes\/"},{"@type":"ListItem","position":4,"name":"Lumi\u00e8re cosmique #5"}]},{"@type":"WebSite","@id":"https:\/\/www.solaulaz.com\/#website","url":"https:\/\/www.solaulaz.com\/","name":"Sophie Laurent Lazinier - sculptrice","description":"Un regard pour capter l instant","publisher":{"@id":"https:\/\/www.solaulaz.com\/#organization"},"potentialAction":[{"@type":"SearchAction","target":{"@type":"EntryPoint","urlTemplate":"https:\/\/www.solaulaz.com\/?s={search_term_string}"},"query-input":{"@type":"PropertyValueSpecification","valueRequired":true,"valueName":"search_term_string"}}],"inLanguage":"fr-FR"},{"@type":"Organization","@id":"https:\/\/www.solaulaz.com\/#organization","name":"SOLAULAZ","url":"https:\/\/www.solaulaz.com\/","logo":{"@type":"ImageObject","inLanguage":"fr-FR","@id":"https:\/\/www.solaulaz.com\/#\/schema\/logo\/image\/","url":"https:\/\/www.solaulaz.com\/wp-content\/uploads\/2022\/01\/solaulaz.png","contentUrl":"https:\/\/www.solaulaz.com\/wp-content\/uploads\/2022\/01\/solaulaz.png","width":629,"height":629,"caption":"SOLAULAZ"},"image":{"@id":"https:\/\/www.solaulaz.com\/#\/schema\/logo\/image\/"},"sameAs":["https:\/\/www.facebook.com\/solaulaz","https:\/\/www.instagram.com\/solaulaz\/?hl=fr","https:\/\/www.pinterest.fr\/solaulaz\/"]}]}},"_links":{"self":[{"href":"https:\/\/www.solaulaz.com\/index.php\/wp-json\/wp\/v2\/product\/2476","targetHints":{"allow":["GET"]}}],"collection":[{"href":"https:\/\/www.solaulaz.com\/index.php\/wp-json\/wp\/v2\/product"}],"about":[{"href":"https:\/\/www.solaulaz.com\/index.php\/wp-json\/wp\/v2\/types\/product"}],"replies":[{"embeddable":true,"href":"https:\/\/www.solaulaz.com\/index.php\/wp-json\/wp\/v2\/comments?post=2476"}],"wp:featuredmedia":[{"embeddable":true,"href":"https:\/\/www.solaulaz.com\/index.php\/wp-json\/wp\/v2\/media\/2477"}],"wp:attachment":[{"href":"https:\/\/www.solaulaz.com\/index.php\/wp-json\/wp\/v2\/media?parent=2476"}],"wp:term":[{"taxonomy":"product_brand","embeddable":true,"href":"https:\/\/www.solaulaz.com\/index.php\/wp-json\/wp\/v2\/product_brand?post=2476"},{"taxonomy":"product_cat","embeddable":true,"href":"https:\/\/www.solaulaz.com\/index.php\/wp-json\/wp\/v2\/product_cat?post=2476"},{"taxonomy":"product_tag","embeddable":true,"href":"https:\/\/www.solaulaz.com\/index.php\/wp-json\/wp\/v2\/product_tag?post=2476"}],"curies":[{"name":"wp","href":"https:\/\/api.w.org\/{rel}","templated":true}]}}