{"id":2573,"date":"2026-01-05T19:22:03","date_gmt":"2026-01-05T18:22:03","guid":{"rendered":"https:\/\/www.solaulaz.com\/?post_type=product&#038;p=2573"},"modified":"2026-02-11T15:19:55","modified_gmt":"2026-02-11T14:19:55","slug":"yoga-8","status":"publish","type":"product","link":"https:\/\/www.solaulaz.com\/index.php\/produit\/yoga-8\/","title":{"rendered":"Yoga #8"},"content":{"rendered":"","protected":false},"excerpt":{"rendered":"<div class=\"grid-50 tablet-grid-50 product-info-grid\">\n<div class=\"ProductSection\">\n<div class=\"content description\">\n<p class=\"_ap3a _aaco _aacu _aacx _aad7 _aade\" dir=\"auto\">Le corps s\u2019\u00e9lance, s\u2019ouvre vers le haut, port\u00e9 par un souffle int\u00e9rieur.<br \/>\nDans cette posture de yoga, la figure f\u00e9minine se d\u00e9ploie entre ancrage et \u00e9l\u00e9vation, les mains solidement pos\u00e9es tandis que la ligne du dos s\u2019\u00e9tire vers le ciel.<\/p>\n<p>L\u2019\u00e9criture cubiste fragmente et simplifie la forme pour en r\u00e9v\u00e9ler l\u2019essence. Les volumes sont tendus, les courbes ma\u00eetris\u00e9es, laissant appara\u00eetre une architecture du corps o\u00f9 chaque plan participe \u00e0 l\u2019\u00e9quilibre g\u00e9n\u00e9ral.<\/p>\n<p>R\u00e9alis\u00e9e en terre cuite naturelle, la sculpture conserve une douceur min\u00e9rale et une pr\u00e9sence organique. La mati\u00e8re, laiss\u00e9e volontairement brute, capte la lumi\u00e8re et souligne la puret\u00e9 du geste.<\/p>\n<p>\ud83d\uddff Yoga <a class=\"x1i10hfl xjbqb8w x1ejq31n x18oe1m7 x1sy0etr xstzfhl x972fbf x10w94by x1qhh985 x14e42zd x9f619 x1ypdohk xt0psk2 x3ct3a4 xdj266r x14z9mp xat24cr x1lziwak xexx8yu xyri2b x18d9i69 x1c1uobl x16tdsg8 x1hl2dhg xggy1nq x1a2a7pz  _aa9_ _a6hd\" tabindex=\"0\" role=\"link\" href=\"https:\/\/www.instagram.com\/explore\/tags\/8\/\">#8<\/a> est une pi\u00e8ce unique, une c\u00e9l\u00e9bration sculpt\u00e9e de la force tranquille, du mouvement int\u00e9rieur et de l\u2019harmonie entre stabilit\u00e9 et \u00e9l\u00e9vation.<\/p>\n<p>Inspiration <a class=\"x1i10hfl xjbqb8w x1ejq31n x18oe1m7 x1sy0etr xstzfhl x972fbf x10w94by x1qhh985 x14e42zd x9f619 x1ypdohk xt0psk2 x3ct3a4 xdj266r x14z9mp xat24cr x1lziwak xexx8yu xyri2b x18d9i69 x1c1uobl x16tdsg8 x1hl2dhg xggy1nq x1a2a7pz notranslate _a6hd\" tabindex=\"0\" role=\"link\" href=\"https:\/\/www.instagram.com\/francesca.golfetto\/\">@francesca.golfetto<\/a><\/p>\n<p>&nbsp;<\/p>\n<p>Mat\u00e9riau : terre cuite patin\u00e9e<\/p>\n<p>Dimensions : L 25 x l 13 x H 48 cm<\/p>\n<p>Ann\u00e9e : 2025<\/p>\n<p>\u0152uvre unique : Pi\u00e8ce originale sign\u00e9e, disponible en un seul exemplaire<\/p>\n<p>Si vous avez un coup de c\u0153ur pour cette sculpture, n&rsquo;h\u00e9sitez pas \u00e0 nous contacter par t\u00e9l\u00e9phone ou en utilisant le <a href=\"https:\/\/www.solaulaz.com\/index.php\/contact\/\">formulaire de contact\u00a0<\/a><\/p>\n<\/div>\n<\/div>\n<\/div>\n","protected":false},"featured_media":2574,"comment_status":"open","ping_status":"closed","template":"","meta":{"ocean_post_layout":"","ocean_both_sidebars_style":"","ocean_both_sidebars_content_width":0,"ocean_both_sidebars_sidebars_width":0,"ocean_sidebar":"0","ocean_second_sidebar":"0","ocean_disable_margins":"enable","ocean_add_body_class":"","ocean_shortcode_before_top_bar":"","ocean_shortcode_after_top_bar":"","ocean_shortcode_before_header":"","ocean_shortcode_after_header":"","ocean_has_shortcode":"","ocean_shortcode_after_title":"","ocean_shortcode_before_footer_widgets":"","ocean_shortcode_after_footer_widgets":"","ocean_shortcode_before_footer_bottom":"","ocean_shortcode_after_footer_bottom":"","ocean_display_top_bar":"default","ocean_display_header":"default","ocean_header_style":"","ocean_center_header_left_menu":"0","ocean_custom_header_template":"0","ocean_custom_logo":0,"ocean_custom_retina_logo":0,"ocean_custom_logo_max_width":0,"ocean_custom_logo_tablet_max_width":0,"ocean_custom_logo_mobile_max_width":0,"ocean_custom_logo_max_height":0,"ocean_custom_logo_tablet_max_height":0,"ocean_custom_logo_mobile_max_height":0,"ocean_header_custom_menu":"0","ocean_menu_typo_font_family":"0","ocean_menu_typo_font_subset":"","ocean_menu_typo_font_size":0,"ocean_menu_typo_font_size_tablet":0,"ocean_menu_typo_font_size_mobile":0,"ocean_menu_typo_font_size_unit":"px","ocean_menu_typo_font_weight":"","ocean_menu_typo_font_weight_tablet":"","ocean_menu_typo_font_weight_mobile":"","ocean_menu_typo_transform":"","ocean_menu_typo_transform_tablet":"","ocean_menu_typo_transform_mobile":"","ocean_menu_typo_line_height":0,"ocean_menu_typo_line_height_tablet":0,"ocean_menu_typo_line_height_mobile":0,"ocean_menu_typo_line_height_unit":"","ocean_menu_typo_spacing":0,"ocean_menu_typo_spacing_tablet":0,"ocean_menu_typo_spacing_mobile":0,"ocean_menu_typo_spacing_unit":"","ocean_menu_link_color":"","ocean_menu_link_color_hover":"","ocean_menu_link_color_active":"","ocean_menu_link_background":"","ocean_menu_link_hover_background":"","ocean_menu_link_active_background":"","ocean_menu_social_links_bg":"","ocean_menu_social_hover_links_bg":"","ocean_menu_social_links_color":"","ocean_menu_social_hover_links_color":"","ocean_disable_title":"default","ocean_disable_heading":"default","ocean_post_title":"","ocean_post_subheading":"","ocean_post_title_style":"","ocean_post_title_background_color":"","ocean_post_title_background":0,"ocean_post_title_bg_image_position":"","ocean_post_title_bg_image_attachment":"","ocean_post_title_bg_image_repeat":"","ocean_post_title_bg_image_size":"","ocean_post_title_height":0,"ocean_post_title_bg_overlay":0.5,"ocean_post_title_bg_overlay_color":"","ocean_disable_breadcrumbs":"default","ocean_breadcrumbs_color":"","ocean_breadcrumbs_separator_color":"","ocean_breadcrumbs_links_color":"","ocean_breadcrumbs_links_hover_color":"","ocean_display_footer_widgets":"default","ocean_display_footer_bottom":"default","ocean_custom_footer_template":"0"},"product_brand":[],"product_cat":[28],"product_tag":[],"class_list":{"0":"post-2573","1":"product","2":"type-product","3":"status-publish","4":"has-post-thumbnail","6":"product_cat-cubisme","8":"entry","9":"has-media","11":"first","12":"instock","13":"purchasable","14":"product-type-simple","15":"has-product-nav","16":"col","17":"span_1_of_3","18":"owp-content-center","19":"owp-thumbs-layout-horizontal","20":"owp-btn-normal","21":"owp-tabs-layout-horizontal"},"yoast_head":"<!-- This site is optimized with the Yoast SEO plugin v27.3 - https:\/\/yoast.com\/product\/yoast-seo-wordpress\/ -->\n<title>Yoga #8 - Sophie Laurent Lazinier - sculptrice<\/title>\n<meta name=\"robots\" content=\"index, follow, max-snippet:-1, max-image-preview:large, max-video-preview:-1\" \/>\n<link rel=\"canonical\" href=\"https:\/\/www.solaulaz.com\/index.php\/produit\/yoga-8\/\" \/>\n<meta property=\"og:locale\" content=\"fr_FR\" \/>\n<meta property=\"og:type\" content=\"article\" \/>\n<meta property=\"og:title\" content=\"Yoga #8 - Sophie Laurent Lazinier - sculptrice\" \/>\n<meta property=\"og:description\" content=\"Le corps s\u2019\u00e9lance, s\u2019ouvre vers le haut, port\u00e9 par un souffle int\u00e9rieur. Dans cette posture de yoga, la figure f\u00e9minine se d\u00e9ploie entre ancrage et \u00e9l\u00e9vation, les mains solidement pos\u00e9es tandis que la ligne du dos s\u2019\u00e9tire vers le ciel.  L\u2019\u00e9criture cubiste fragmente et simplifie la forme pour en r\u00e9v\u00e9ler l\u2019essence. Les volumes sont tendus, les courbes ma\u00eetris\u00e9es, laissant appara\u00eetre une architecture du corps o\u00f9 chaque plan participe \u00e0 l\u2019\u00e9quilibre g\u00e9n\u00e9ral.  R\u00e9alis\u00e9e en terre cuite naturelle, la sculpture conserve une douceur min\u00e9rale et une pr\u00e9sence organique. La mati\u00e8re, laiss\u00e9e volontairement brute, capte la lumi\u00e8re et souligne la puret\u00e9 du geste.  \ud83d\uddff Yoga #8 est une pi\u00e8ce unique, une c\u00e9l\u00e9bration sculpt\u00e9e de la force tranquille, du mouvement int\u00e9rieur et de l\u2019harmonie entre stabilit\u00e9 et \u00e9l\u00e9vation.  Inspiration @francesca.golfetto &nbsp;  Mat\u00e9riau : terre cuite patin\u00e9e  Dimensions : L 25 x l 13 x H 48 cm  Ann\u00e9e : 2025  \u0152uvre unique : Pi\u00e8ce originale sign\u00e9e, disponible en un seul exemplaire  Si vous avez un coup de c\u0153ur pour cette sculpture, n&#039;h\u00e9sitez pas \u00e0 nous contacter par t\u00e9l\u00e9phone ou en utilisant le formulaire de contact\u00a0\" \/>\n<meta property=\"og:url\" content=\"https:\/\/www.solaulaz.com\/index.php\/produit\/yoga-8\/\" \/>\n<meta property=\"og:site_name\" content=\"Sophie Laurent Lazinier - sculptrice\" \/>\n<meta property=\"article:publisher\" content=\"https:\/\/www.facebook.com\/solaulaz\" \/>\n<meta property=\"article:modified_time\" content=\"2026-02-11T14:19:55+00:00\" \/>\n<meta property=\"og:image\" content=\"https:\/\/www.solaulaz.com\/wp-content\/uploads\/2026\/01\/IMG_1176-scaled.jpeg\" \/>\n\t<meta property=\"og:image:width\" content=\"2560\" \/>\n\t<meta property=\"og:image:height\" content=\"2560\" \/>\n\t<meta property=\"og:image:type\" content=\"image\/jpeg\" \/>\n<meta name=\"twitter:card\" content=\"summary_large_image\" \/>\n<meta name=\"twitter:label1\" content=\"Dur\u00e9e de lecture estim\u00e9e\" \/>\n\t<meta name=\"twitter:data1\" content=\"1 minute\" \/>\n<script type=\"application\/ld+json\" class=\"yoast-schema-graph\">{\"@context\":\"https:\\\/\\\/schema.org\",\"@graph\":[{\"@type\":\"WebPage\",\"@id\":\"https:\\\/\\\/www.solaulaz.com\\\/index.php\\\/produit\\\/yoga-8\\\/\",\"url\":\"https:\\\/\\\/www.solaulaz.com\\\/index.php\\\/produit\\\/yoga-8\\\/\",\"name\":\"Yoga #8 - Sophie Laurent Lazinier - sculptrice\",\"isPartOf\":{\"@id\":\"https:\\\/\\\/www.solaulaz.com\\\/#website\"},\"primaryImageOfPage\":{\"@id\":\"https:\\\/\\\/www.solaulaz.com\\\/index.php\\\/produit\\\/yoga-8\\\/#primaryimage\"},\"image\":{\"@id\":\"https:\\\/\\\/www.solaulaz.com\\\/index.php\\\/produit\\\/yoga-8\\\/#primaryimage\"},\"thumbnailUrl\":\"https:\\\/\\\/www.solaulaz.com\\\/wp-content\\\/uploads\\\/2026\\\/01\\\/IMG_1176-scaled.jpeg\",\"datePublished\":\"2026-01-05T18:22:03+00:00\",\"dateModified\":\"2026-02-11T14:19:55+00:00\",\"breadcrumb\":{\"@id\":\"https:\\\/\\\/www.solaulaz.com\\\/index.php\\\/produit\\\/yoga-8\\\/#breadcrumb\"},\"inLanguage\":\"fr-FR\",\"potentialAction\":[{\"@type\":\"ReadAction\",\"target\":[\"https:\\\/\\\/www.solaulaz.com\\\/index.php\\\/produit\\\/yoga-8\\\/\"]}]},{\"@type\":\"ImageObject\",\"inLanguage\":\"fr-FR\",\"@id\":\"https:\\\/\\\/www.solaulaz.com\\\/index.php\\\/produit\\\/yoga-8\\\/#primaryimage\",\"url\":\"https:\\\/\\\/www.solaulaz.com\\\/wp-content\\\/uploads\\\/2026\\\/01\\\/IMG_1176-scaled.jpeg\",\"contentUrl\":\"https:\\\/\\\/www.solaulaz.com\\\/wp-content\\\/uploads\\\/2026\\\/01\\\/IMG_1176-scaled.jpeg\",\"width\":2560,\"height\":2560},{\"@type\":\"BreadcrumbList\",\"@id\":\"https:\\\/\\\/www.solaulaz.com\\\/index.php\\\/produit\\\/yoga-8\\\/#breadcrumb\",\"itemListElement\":[{\"@type\":\"ListItem\",\"position\":1,\"name\":\"Accueil\",\"item\":\"https:\\\/\\\/www.solaulaz.com\\\/\"},{\"@type\":\"ListItem\",\"position\":2,\"name\":\"\u0152uvres\",\"item\":\"https:\\\/\\\/www.solaulaz.com\\\/index.php\\\/oeuvres\\\/\"},{\"@type\":\"ListItem\",\"position\":3,\"name\":\"Cubisme\",\"item\":\"https:\\\/\\\/www.solaulaz.com\\\/index.php\\\/categorie-produit\\\/cubisme\\\/\"},{\"@type\":\"ListItem\",\"position\":4,\"name\":\"Yoga #8\"}]},{\"@type\":\"WebSite\",\"@id\":\"https:\\\/\\\/www.solaulaz.com\\\/#website\",\"url\":\"https:\\\/\\\/www.solaulaz.com\\\/\",\"name\":\"Sophie Laurent Lazinier - sculptrice\",\"description\":\"Un regard pour capter l instant\",\"publisher\":{\"@id\":\"https:\\\/\\\/www.solaulaz.com\\\/#organization\"},\"potentialAction\":[{\"@type\":\"SearchAction\",\"target\":{\"@type\":\"EntryPoint\",\"urlTemplate\":\"https:\\\/\\\/www.solaulaz.com\\\/?s={search_term_string}\"},\"query-input\":{\"@type\":\"PropertyValueSpecification\",\"valueRequired\":true,\"valueName\":\"search_term_string\"}}],\"inLanguage\":\"fr-FR\"},{\"@type\":\"Organization\",\"@id\":\"https:\\\/\\\/www.solaulaz.com\\\/#organization\",\"name\":\"SOLAULAZ\",\"url\":\"https:\\\/\\\/www.solaulaz.com\\\/\",\"logo\":{\"@type\":\"ImageObject\",\"inLanguage\":\"fr-FR\",\"@id\":\"https:\\\/\\\/www.solaulaz.com\\\/#\\\/schema\\\/logo\\\/image\\\/\",\"url\":\"https:\\\/\\\/www.solaulaz.com\\\/wp-content\\\/uploads\\\/2022\\\/01\\\/solaulaz.png\",\"contentUrl\":\"https:\\\/\\\/www.solaulaz.com\\\/wp-content\\\/uploads\\\/2022\\\/01\\\/solaulaz.png\",\"width\":629,\"height\":629,\"caption\":\"SOLAULAZ\"},\"image\":{\"@id\":\"https:\\\/\\\/www.solaulaz.com\\\/#\\\/schema\\\/logo\\\/image\\\/\"},\"sameAs\":[\"https:\\\/\\\/www.facebook.com\\\/solaulaz\",\"https:\\\/\\\/www.instagram.com\\\/solaulaz\\\/?hl=fr\",\"https:\\\/\\\/www.pinterest.fr\\\/solaulaz\\\/\"]}]}<\/script>\n<!-- \/ Yoast SEO plugin. -->","yoast_head_json":{"title":"Yoga #8 - Sophie Laurent Lazinier - sculptrice","robots":{"index":"index","follow":"follow","max-snippet":"max-snippet:-1","max-image-preview":"max-image-preview:large","max-video-preview":"max-video-preview:-1"},"canonical":"https:\/\/www.solaulaz.com\/index.php\/produit\/yoga-8\/","og_locale":"fr_FR","og_type":"article","og_title":"Yoga #8 - Sophie Laurent Lazinier - sculptrice","og_description":"Le corps s\u2019\u00e9lance, s\u2019ouvre vers le haut, port\u00e9 par un souffle int\u00e9rieur. Dans cette posture de yoga, la figure f\u00e9minine se d\u00e9ploie entre ancrage et \u00e9l\u00e9vation, les mains solidement pos\u00e9es tandis que la ligne du dos s\u2019\u00e9tire vers le ciel.  L\u2019\u00e9criture cubiste fragmente et simplifie la forme pour en r\u00e9v\u00e9ler l\u2019essence. Les volumes sont tendus, les courbes ma\u00eetris\u00e9es, laissant appara\u00eetre une architecture du corps o\u00f9 chaque plan participe \u00e0 l\u2019\u00e9quilibre g\u00e9n\u00e9ral.  R\u00e9alis\u00e9e en terre cuite naturelle, la sculpture conserve une douceur min\u00e9rale et une pr\u00e9sence organique. La mati\u00e8re, laiss\u00e9e volontairement brute, capte la lumi\u00e8re et souligne la puret\u00e9 du geste.  \ud83d\uddff Yoga #8 est une pi\u00e8ce unique, une c\u00e9l\u00e9bration sculpt\u00e9e de la force tranquille, du mouvement int\u00e9rieur et de l\u2019harmonie entre stabilit\u00e9 et \u00e9l\u00e9vation.  Inspiration @francesca.golfetto &nbsp;  Mat\u00e9riau : terre cuite patin\u00e9e  Dimensions : L 25 x l 13 x H 48 cm  Ann\u00e9e : 2025  \u0152uvre unique : Pi\u00e8ce originale sign\u00e9e, disponible en un seul exemplaire  Si vous avez un coup de c\u0153ur pour cette sculpture, n'h\u00e9sitez pas \u00e0 nous contacter par t\u00e9l\u00e9phone ou en utilisant le formulaire de contact\u00a0","og_url":"https:\/\/www.solaulaz.com\/index.php\/produit\/yoga-8\/","og_site_name":"Sophie Laurent Lazinier - sculptrice","article_publisher":"https:\/\/www.facebook.com\/solaulaz","article_modified_time":"2026-02-11T14:19:55+00:00","og_image":[{"width":2560,"height":2560,"url":"https:\/\/www.solaulaz.com\/wp-content\/uploads\/2026\/01\/IMG_1176-scaled.jpeg","type":"image\/jpeg"}],"twitter_card":"summary_large_image","twitter_misc":{"Dur\u00e9e de lecture estim\u00e9e":"1 minute"},"schema":{"@context":"https:\/\/schema.org","@graph":[{"@type":"WebPage","@id":"https:\/\/www.solaulaz.com\/index.php\/produit\/yoga-8\/","url":"https:\/\/www.solaulaz.com\/index.php\/produit\/yoga-8\/","name":"Yoga #8 - Sophie Laurent Lazinier - sculptrice","isPartOf":{"@id":"https:\/\/www.solaulaz.com\/#website"},"primaryImageOfPage":{"@id":"https:\/\/www.solaulaz.com\/index.php\/produit\/yoga-8\/#primaryimage"},"image":{"@id":"https:\/\/www.solaulaz.com\/index.php\/produit\/yoga-8\/#primaryimage"},"thumbnailUrl":"https:\/\/www.solaulaz.com\/wp-content\/uploads\/2026\/01\/IMG_1176-scaled.jpeg","datePublished":"2026-01-05T18:22:03+00:00","dateModified":"2026-02-11T14:19:55+00:00","breadcrumb":{"@id":"https:\/\/www.solaulaz.com\/index.php\/produit\/yoga-8\/#breadcrumb"},"inLanguage":"fr-FR","potentialAction":[{"@type":"ReadAction","target":["https:\/\/www.solaulaz.com\/index.php\/produit\/yoga-8\/"]}]},{"@type":"ImageObject","inLanguage":"fr-FR","@id":"https:\/\/www.solaulaz.com\/index.php\/produit\/yoga-8\/#primaryimage","url":"https:\/\/www.solaulaz.com\/wp-content\/uploads\/2026\/01\/IMG_1176-scaled.jpeg","contentUrl":"https:\/\/www.solaulaz.com\/wp-content\/uploads\/2026\/01\/IMG_1176-scaled.jpeg","width":2560,"height":2560},{"@type":"BreadcrumbList","@id":"https:\/\/www.solaulaz.com\/index.php\/produit\/yoga-8\/#breadcrumb","itemListElement":[{"@type":"ListItem","position":1,"name":"Accueil","item":"https:\/\/www.solaulaz.com\/"},{"@type":"ListItem","position":2,"name":"\u0152uvres","item":"https:\/\/www.solaulaz.com\/index.php\/oeuvres\/"},{"@type":"ListItem","position":3,"name":"Cubisme","item":"https:\/\/www.solaulaz.com\/index.php\/categorie-produit\/cubisme\/"},{"@type":"ListItem","position":4,"name":"Yoga #8"}]},{"@type":"WebSite","@id":"https:\/\/www.solaulaz.com\/#website","url":"https:\/\/www.solaulaz.com\/","name":"Sophie Laurent Lazinier - sculptrice","description":"Un regard pour capter l instant","publisher":{"@id":"https:\/\/www.solaulaz.com\/#organization"},"potentialAction":[{"@type":"SearchAction","target":{"@type":"EntryPoint","urlTemplate":"https:\/\/www.solaulaz.com\/?s={search_term_string}"},"query-input":{"@type":"PropertyValueSpecification","valueRequired":true,"valueName":"search_term_string"}}],"inLanguage":"fr-FR"},{"@type":"Organization","@id":"https:\/\/www.solaulaz.com\/#organization","name":"SOLAULAZ","url":"https:\/\/www.solaulaz.com\/","logo":{"@type":"ImageObject","inLanguage":"fr-FR","@id":"https:\/\/www.solaulaz.com\/#\/schema\/logo\/image\/","url":"https:\/\/www.solaulaz.com\/wp-content\/uploads\/2022\/01\/solaulaz.png","contentUrl":"https:\/\/www.solaulaz.com\/wp-content\/uploads\/2022\/01\/solaulaz.png","width":629,"height":629,"caption":"SOLAULAZ"},"image":{"@id":"https:\/\/www.solaulaz.com\/#\/schema\/logo\/image\/"},"sameAs":["https:\/\/www.facebook.com\/solaulaz","https:\/\/www.instagram.com\/solaulaz\/?hl=fr","https:\/\/www.pinterest.fr\/solaulaz\/"]}]}},"_links":{"self":[{"href":"https:\/\/www.solaulaz.com\/index.php\/wp-json\/wp\/v2\/product\/2573","targetHints":{"allow":["GET"]}}],"collection":[{"href":"https:\/\/www.solaulaz.com\/index.php\/wp-json\/wp\/v2\/product"}],"about":[{"href":"https:\/\/www.solaulaz.com\/index.php\/wp-json\/wp\/v2\/types\/product"}],"replies":[{"embeddable":true,"href":"https:\/\/www.solaulaz.com\/index.php\/wp-json\/wp\/v2\/comments?post=2573"}],"wp:featuredmedia":[{"embeddable":true,"href":"https:\/\/www.solaulaz.com\/index.php\/wp-json\/wp\/v2\/media\/2574"}],"wp:attachment":[{"href":"https:\/\/www.solaulaz.com\/index.php\/wp-json\/wp\/v2\/media?parent=2573"}],"wp:term":[{"taxonomy":"product_brand","embeddable":true,"href":"https:\/\/www.solaulaz.com\/index.php\/wp-json\/wp\/v2\/product_brand?post=2573"},{"taxonomy":"product_cat","embeddable":true,"href":"https:\/\/www.solaulaz.com\/index.php\/wp-json\/wp\/v2\/product_cat?post=2573"},{"taxonomy":"product_tag","embeddable":true,"href":"https:\/\/www.solaulaz.com\/index.php\/wp-json\/wp\/v2\/product_tag?post=2573"}],"curies":[{"name":"wp","href":"https:\/\/api.w.org\/{rel}","templated":true}]}}